{"id":5822,"date":"2025-02-27T12:41:45","date_gmt":"2025-02-27T10:41:45","guid":{"rendered":"https:\/\/siemens-caring-hands.org\/?page_id=5822"},"modified":"2026-04-09T12:13:48","modified_gmt":"2026-04-09T10:13:48","slug":"asien","status":"publish","type":"page","link":"https:\/\/siemens-caring-hands.org\/en\/asien\/","title":{"rendered":"Asia"},"content":{"rendered":"<p>[vc_row full_width=&#8221;stretch_row&#8221; content_placement=&#8221;bottom&#8221; css=&#8221;.vc_custom_1707214186025{background-color: #d47b2c !important;}&#8221;][vc_column][vc_custom_heading text=&#8221;Aid projects in Asia&#8221; font_container=&#8221;tag:h4|text_align:left|color:%23ffffff&#8221; use_theme_fonts=&#8221;yes&#8221;][\/vc_column][\/vc_row][vc_row][vc_column][vc_empty_space height=&#8221;10px&#8221;][\/vc_column][\/vc_row][vc_section full_width=&#8221;stretch_row&#8221; css=&#8221;.vc_custom_1713347243143{background-color: rgba(194,149,145,0.14) !important;*background-color: rgb(194,149,145) !important;}&#8221;][\/vc_section][vc_section full_width=&#8221;stretch_row&#8221; css=&#8221;.vc_custom_1713347243143{background-color: rgba(194,149,145,0.14) !important;*background-color: rgb(194,149,145) !important;}&#8221;][vc_row full_width=&#8221;stretch_row&#8221; equal_height=&#8221;yes&#8221;][vc_column css_animation=&#8221;slideInUp&#8221; width=&#8221;1\/2&#8243; animate_duration=&#8221;.9&#8243;][vc_empty_space height=&#8221;20px&#8221;][vc_column_text]<\/p>\n<h4 style=\"text-align: left;\"><strong>Earthquake in Afghanistan<\/strong><\/h4>\n<p>After the country was severely shaken by an earthquake in October 2023, Siemens Caring Hands e.V. supported three different aid projects to help on the ground. In total, 74 affected regions were reached, impacting more than 139,000 people. For example, our support made it possible to provide 24\/7 health services for 7 days a week for a period of 12 months at the Passab Health Center in the Helmand province. In addition, life-saving health and nutritional aid was distributed to over 100,000 internally displaced people.[\/vc_column_text][\/vc_column][vc_column css_animation=&#8221;slideInUp&#8221; width=&#8221;1\/2&#8243; animate_duration=&#8221;.9&#8243;][vc_empty_space height=&#8221;20px&#8221;][vc_images_carousel images=&#8221;5832,5833,5836&#8243; img_size=&#8221;530&#215;350&#8243; onclick=&#8221;link_no&#8221; autoplay=&#8221;yes&#8221; wrap=&#8221;yes&#8221; css_animation=&#8221;bottom-to-top&#8221;][vc_empty_space height=&#8221;20px&#8221;][\/vc_column][\/vc_row][\/vc_section][vc_row][vc_column][vc_empty_space height=&#8221;45px&#8221;][\/vc_column][\/vc_row][vc_section full_width=&#8221;stretch_row&#8221; css=&#8221;.vc_custom_1713347243143{background-color: rgba(194,149,145,0.14) !important;*background-color: rgb(194,149,145) !important;}&#8221;][vc_row full_width=&#8221;stretch_row&#8221; equal_height=&#8221;yes&#8221;][vc_column css_animation=&#8221;slideInUp&#8221; width=&#8221;1\/2&#8243; animate_duration=&#8221;.9&#8243;][vc_empty_space height=&#8221;20px&#8221;][vc_column_text]<\/p>\n<h4 style=\"text-align: left;\"><strong>Earthquake in T\u00fcrkiye and Syria<\/strong><\/h4>\n<p style=\"text-align: left;\">In February 2023, regions in T\u00fcrkiye and Syria were hit by powerful earthquakes. Donations were used to support relief projects for the local population. The focus was on strengthening and supporting various sectors and social groups, as well as projects to provide basic necessities, medical equipment, support for children and young people, and rebuilding critical infrastructure.<\/p>\n<p><em>Further information: <a href=\"https:\/\/siemens-caring-hands.org\/en\/erdbeben-turkei-syrien\/\">T\u00fcrkiye &amp; Syria &#8211; Siemens Caring Hands e.V.<\/a><\/em>[\/vc_column_text][\/vc_column][vc_column css_animation=&#8221;slideInUp&#8221; width=&#8221;1\/2&#8243; animate_duration=&#8221;.9&#8243;][vc_empty_space height=&#8221;20px&#8221;][vc_images_carousel images=&#8221;5828,5826,5703,5702,5700,5699,5697,5693&#8243; img_size=&#8221;530&#215;350&#8243; onclick=&#8221;link_no&#8221; autoplay=&#8221;yes&#8221; wrap=&#8221;yes&#8221; css_animation=&#8221;bottom-to-top&#8221;][vc_empty_space height=&#8221;20px&#8221;][\/vc_column][\/vc_row][\/vc_section][vc_row][vc_column][vc_empty_space height=&#8221;45px&#8221;][\/vc_column][\/vc_row][vc_section full_width=&#8221;stretch_row&#8221; css=&#8221;.vc_custom_1713347243143{background-color: rgba(194,149,145,0.14) !important;*background-color: rgb(194,149,145) !important;}&#8221;][vc_row full_width=&#8221;stretch_row&#8221; equal_height=&#8221;yes&#8221;][vc_column css_animation=&#8221;slideInUp&#8221; width=&#8221;1\/2&#8243; animate_duration=&#8221;.9&#8243;][vc_empty_space height=&#8221;20px&#8221;][vc_column_text]<\/p>\n<h4 style=\"text-align: left;\"><strong>Flooding in Pakistan<\/strong><\/h4>\n<p style=\"text-align: left;\">In June 2022, four months of heavy monsoon rains in Pakistan caused the worst flood disaster on record. 33 million people were affected and more than 1,700 died. Siemens Caring Hands e.V. worked with the local NGO Indus Hospital and Health Network to set up a mobile container clinic. This allowed patients suffering from widespread diseases such as malaria, diarrhoea and acute respiratory infections to be treated. Other areas of focus included maternal and child health, hygiene, nutrition, and more. In total, more than 30,000 people benefited from the aid.<\/p>\n<p>[\/vc_column_text][\/vc_column][vc_column css_animation=&#8221;slideInUp&#8221; width=&#8221;1\/2&#8243; animate_duration=&#8221;.9&#8243;][vc_empty_space height=&#8221;20px&#8221;][vc_images_carousel images=&#8221;5894,5895,5896&#8243; img_size=&#8221;530&#215;350&#8243;][vc_empty_space height=&#8221;20px&#8221;][\/vc_column][\/vc_row][\/vc_section][vc_row][vc_column][vc_empty_space height=&#8221;45px&#8221;][\/vc_column][\/vc_row][vc_row full_width=&#8221;stretch_row&#8221; equal_height=&#8221;yes&#8221; css_animation=&#8221;bottom-to-top&#8221; disable_element=&#8221;yes&#8221; animate_duration=&#8221;.9&#8243;][vc_column][vc_empty_space height=&#8221;15px&#8221;][vc_cta h2=&#8221;&#8221; txt_align=&#8221;center&#8221; add_button=&#8221;bottom&#8221; btn_title=&#8221;Jetzt Spenden&#8221; btn_style=&#8221;gradient-custom&#8221; btn_gradient_custom_color_1=&#8221;#d47b2c&#8221; btn_gradient_custom_color_2=&#8221;#d47b2c&#8221; btn_shape=&#8221;round&#8221; btn_align=&#8221;center&#8221; btn_css_animation=&#8221;slideInUp&#8221; css=&#8221;.vc_custom_1713441035380{background-image: url(https:\/\/siemens-caring-hands.org\/wp-content\/uploads\/2024\/01\/FInal-background-v2.png?id=3771) !important;background-position: center !important;background-repeat: no-repeat !important;background-size: cover !important;}&#8221; btn_link=&#8221;url:https%3A%2F%2Fsiemens-caring-hands.org%2Fdonate%2F|title:Spenden&#8221;]<span style=\"color: #ffffff;\">\u00ad<\/span><\/p>\n<h4 style=\"text-align: center;\"><span style=\"color: #ffffff;\"><strong>Sie wollen Menschen in Marokko und Libyen unterst\u00fctzen?<\/strong><\/span><\/h4>\n<p>&nbsp;<\/p>\n<h5 style=\"text-align: center;\"><span style=\"color: #ffffff;\">F\u00fcr Spenden verwenden Sie bitte das<strong> Stichwort &#8220;<\/strong><\/span><span style=\"color: #ffffff;\"><strong>Aktuelle Naturkatastrophen Nordafrika<\/strong><\/span><span style=\"color: #ffffff;\"><strong>&#8220;<\/strong>.<\/span><\/h5>\n<h5 style=\"text-align: center;\"><span style=\"color: #ffffff;\">Einen riesengro\u00dfen Dank an alle, die unsere Hilfsma\u00dfnahmen bisher unterst\u00fctzt haben.<\/span><\/h5>\n<p><span style=\"color: #ffffff;\">\u00ad\u00ad\u00ad\u00ad\u00ad<\/span><\/p>\n<p><span style=\"color: #ffffff;\">\u00ad<\/span>[\/vc_cta][\/vc_column][\/vc_row]<\/p>\n","protected":false},"excerpt":{"rendered":"<p>[vc_row full_width=&#8221;stretch_row&#8221; content_placement=&#8221;bottom&#8221; css=&#8221;.vc_custom_1707214186025{background-color: #d47b2c !important;}&#8221;][vc_column][vc_custom_heading text=&#8221;Aid projects in Asia&#8221; font_container=&#8221;tag:h4|text_align:left|color:%23ffffff&#8221; use_theme_fonts=&#8221;yes&#8221;][\/vc_column][\/vc_row][vc_row][vc_column][vc_empty_space height=&#8221;10px&#8221;][\/vc_column][\/vc_row][vc_section full_width=&#8221;stretch_row&#8221; css=&#8221;.vc_custom_1713347243143{background-color: rgba(194,149,145,0.14) !important;*background-color: rgb(194,149,145) !important;}&#8221;][\/vc_section][vc_section full_width=&#8221;stretch_row&#8221;&hellip;<\/p>\n","protected":false},"author":8,"featured_media":0,"parent":0,"menu_order":0,"comment_status":"closed","ping_status":"closed","template":"","meta":{"footnotes":""},"class_list":["post-5822","page","type-page","status-publish","hentry"],"translation":{"provider":"WPGlobus","version":"3.0.2","language":"en","enabled_languages":["de","en"],"languages":{"de":{"title":true,"content":true,"excerpt":false},"en":{"title":true,"content":true,"excerpt":false}}},"yoast_head":"<!-- This site is optimized with the Yoast SEO plugin v26.9 - https:\/\/yoast.com\/product\/yoast-seo-wordpress\/ -->\n<title>Asia - Siemens Caring Hands e.V.<\/title>\n<meta name=\"robots\" content=\"index, follow, max-snippet:-1, max-image-preview:large, max-video-preview:-1\" \/>\n<link rel=\"canonical\" href=\"https:\/\/siemens-caring-hands.org\/asien\/\" \/>\n<meta property=\"og:locale\" content=\"en_US\" \/>\n<meta property=\"og:type\" content=\"article\" \/>\n<meta property=\"og:title\" content=\"Asia - Siemens Caring Hands e.V.\" \/>\n<meta property=\"og:url\" content=\"https:\/\/siemens-caring-hands.org\/asien\/\" \/>\n<meta property=\"og:site_name\" content=\"Siemens Caring Hands e.V.\" \/>\n<meta property=\"article:modified_time\" content=\"2026-04-09T10:13:48+00:00\" \/>\n<meta name=\"twitter:card\" content=\"summary_large_image\" \/>\n<meta name=\"twitter:label1\" content=\"Est. reading time\" \/>\n\t<meta name=\"twitter:data1\" content=\"6 minutes\" \/>\n<script type=\"application\/ld+json\" class=\"yoast-schema-graph\">{\"@context\":\"https:\/\/schema.org\",\"@graph\":[{\"@type\":\"WebPage\",\"@id\":\"https:\/\/siemens-caring-hands.org\/asien\/\",\"url\":\"https:\/\/siemens-caring-hands.org\/asien\/\",\"name\":\"Asia - Siemens Caring Hands e.V.\",\"isPartOf\":{\"@id\":\"https:\/\/siemens-caring-hands.org\/#website\"},\"datePublished\":\"2025-02-27T10:41:45+00:00\",\"dateModified\":\"2026-04-09T10:13:48+00:00\",\"breadcrumb\":{\"@id\":\"https:\/\/siemens-caring-hands.org\/asien\/#breadcrumb\"},\"inLanguage\":\"en-US\",\"potentialAction\":[{\"@type\":\"ReadAction\",\"target\":[\"https:\/\/siemens-caring-hands.org\/asien\/\"]}]},{\"@type\":\"BreadcrumbList\",\"@id\":\"https:\/\/siemens-caring-hands.org\/asien\/#breadcrumb\",\"itemListElement\":[{\"@type\":\"ListItem\",\"position\":1,\"name\":\"Startseite\",\"item\":\"https:\/\/siemens-caring-hands.org\/\"},{\"@type\":\"ListItem\",\"position\":2,\"name\":\"Asien\"}]},{\"@type\":\"WebSite\",\"@id\":\"https:\/\/siemens-caring-hands.org\/#website\",\"url\":\"https:\/\/siemens-caring-hands.org\/\",\"name\":\"Siemens Caring Hands e.V.\",\"description\":\"Schnelle humanit\u00e4re Hilfe in besonderen Katastrophenf\u00e4llen\",\"potentialAction\":[{\"@type\":\"SearchAction\",\"target\":{\"@type\":\"EntryPoint\",\"urlTemplate\":\"https:\/\/siemens-caring-hands.org\/?s={search_term_string}\"},\"query-input\":{\"@type\":\"PropertyValueSpecification\",\"valueRequired\":true,\"valueName\":\"search_term_string\"}}],\"inLanguage\":\"en-US\"}]}<\/script>\n<!-- \/ Yoast SEO plugin. -->","yoast_head_json":{"title":"Asia - Siemens Caring Hands e.V.","robots":{"index":"index","follow":"follow","max-snippet":"max-snippet:-1","max-image-preview":"max-image-preview:large","max-video-preview":"max-video-preview:-1"},"canonical":"https:\/\/siemens-caring-hands.org\/asien\/","og_locale":"en_US","og_type":"article","og_title":"Asia - Siemens Caring Hands e.V.","og_url":"https:\/\/siemens-caring-hands.org\/asien\/","og_site_name":"Siemens Caring Hands e.V.","article_modified_time":"2026-04-09T10:13:48+00:00","twitter_card":"summary_large_image","twitter_misc":{"Est. reading time":"6 minutes"},"schema":{"@context":"https:\/\/schema.org","@graph":[{"@type":"WebPage","@id":"https:\/\/siemens-caring-hands.org\/asien\/","url":"https:\/\/siemens-caring-hands.org\/asien\/","name":"Asia - Siemens Caring Hands e.V.","isPartOf":{"@id":"https:\/\/siemens-caring-hands.org\/#website"},"datePublished":"2025-02-27T10:41:45+00:00","dateModified":"2026-04-09T10:13:48+00:00","breadcrumb":{"@id":"https:\/\/siemens-caring-hands.org\/asien\/#breadcrumb"},"inLanguage":"en-US","potentialAction":[{"@type":"ReadAction","target":["https:\/\/siemens-caring-hands.org\/asien\/"]}]},{"@type":"BreadcrumbList","@id":"https:\/\/siemens-caring-hands.org\/asien\/#breadcrumb","itemListElement":[{"@type":"ListItem","position":1,"name":"Startseite","item":"https:\/\/siemens-caring-hands.org\/"},{"@type":"ListItem","position":2,"name":"Asien"}]},{"@type":"WebSite","@id":"https:\/\/siemens-caring-hands.org\/#website","url":"https:\/\/siemens-caring-hands.org\/","name":"Siemens Caring Hands e.V.","description":"Schnelle humanit\u00e4re Hilfe in besonderen Katastrophenf\u00e4llen","potentialAction":[{"@type":"SearchAction","target":{"@type":"EntryPoint","urlTemplate":"https:\/\/siemens-caring-hands.org\/?s={search_term_string}"},"query-input":{"@type":"PropertyValueSpecification","valueRequired":true,"valueName":"search_term_string"}}],"inLanguage":"en-US"}]}},"_links":{"self":[{"href":"https:\/\/siemens-caring-hands.org\/en\/wp-json\/wp\/v2\/pages\/5822","targetHints":{"allow":["GET"]}}],"collection":[{"href":"https:\/\/siemens-caring-hands.org\/en\/wp-json\/wp\/v2\/pages"}],"about":[{"href":"https:\/\/siemens-caring-hands.org\/en\/wp-json\/wp\/v2\/types\/page"}],"author":[{"embeddable":true,"href":"https:\/\/siemens-caring-hands.org\/en\/wp-json\/wp\/v2\/users\/8"}],"replies":[{"embeddable":true,"href":"https:\/\/siemens-caring-hands.org\/en\/wp-json\/wp\/v2\/comments?post=5822"}],"version-history":[{"count":66,"href":"https:\/\/siemens-caring-hands.org\/en\/wp-json\/wp\/v2\/pages\/5822\/revisions"}],"predecessor-version":[{"id":6557,"href":"https:\/\/siemens-caring-hands.org\/en\/wp-json\/wp\/v2\/pages\/5822\/revisions\/6557"}],"wp:attachment":[{"href":"https:\/\/siemens-caring-hands.org\/en\/wp-json\/wp\/v2\/media?parent=5822"}],"curies":[{"name":"wp","href":"https:\/\/api.w.org\/{rel}","templated":true}]}}