{"id":5763,"date":"2025-02-28T09:32:32","date_gmt":"2025-02-28T07:32:32","guid":{"rendered":"https:\/\/siemens-caring-hands.org\/?page_id=5763"},"modified":"2026-02-19T18:01:17","modified_gmt":"2026-02-19T16:01:17","slug":"europa","status":"publish","type":"page","link":"https:\/\/siemens-caring-hands.org\/en\/europa\/","title":{"rendered":"Europe"},"content":{"rendered":"<p>[vc_row full_width=&#8221;stretch_row&#8221; content_placement=&#8221;bottom&#8221; css=&#8221;.vc_custom_1707214186025{background-color: #d47b2c !important;}&#8221;][vc_column][vc_custom_heading text=&#8221;Aid Projects in Europe&#8221; font_container=&#8221;tag:h4|text_align:left|color:%23ffffff&#8221; use_theme_fonts=&#8221;yes&#8221;][\/vc_column][\/vc_row][vc_row][vc_column][vc_empty_space height=&#8221;25px&#8221;][\/vc_column][\/vc_row][vc_section full_width=&#8221;stretch_row&#8221; css=&#8221;.vc_custom_1713347243143{background-color: rgba(194,149,145,0.14) !important;*background-color: rgb(194,149,145) !important;}&#8221;][vc_row full_width=&#8221;stretch_row&#8221; equal_height=&#8221;yes&#8221;][vc_column css_animation=&#8221;slideInUp&#8221; width=&#8221;1\/2&#8243; animate_duration=&#8221;.9&#8243;][vc_empty_space height=&#8221;20px&#8221;][vc_column_text]<\/p>\n<h4><strong>Cyclone on the island of Mayotte<\/strong><\/h4>\n<p>In December 2024, a devastating hurricane hit the French island of Mayotte. Several people lost their lives and over 1000 were injured. The storm also left a great deal of destruction on the island. Siemens Caring Hands e.V. supported its local partner, the Croix-Rouge-Francaise, with important relief supplies for the affected population. Thanks to this successful collaboration, a relief airplane was sent to the island with hygiene kits.[\/vc_column_text][\/vc_column][vc_column css_animation=&#8221;slideInUp&#8221; width=&#8221;1\/2&#8243; animate_duration=&#8221;.9&#8243;][vc_empty_space height=&#8221;20px&#8221;][vc_images_carousel images=&#8221;6143,6146,6144,6145&#8243; img_size=&#8221;530&#215;350&#8243; onclick=&#8221;link_no&#8221; autoplay=&#8221;yes&#8221; wrap=&#8221;yes&#8221; css_animation=&#8221;bottom-to-top&#8221;][vc_empty_space height=&#8221;20px&#8221;][\/vc_column][\/vc_row][\/vc_section][vc_row][vc_column][vc_empty_space height=&#8221;45px&#8221;][\/vc_column][\/vc_row][vc_section full_width=&#8221;stretch_row&#8221; css=&#8221;.vc_custom_1713347243143{background-color: rgba(194,149,145,0.14) !important;*background-color: rgb(194,149,145) !important;}&#8221;][vc_row full_width=&#8221;stretch_row&#8221; equal_height=&#8221;yes&#8221;][vc_column css_animation=&#8221;slideInUp&#8221; width=&#8221;1\/2&#8243; animate_duration=&#8221;.9&#8243;][vc_empty_space height=&#8221;20px&#8221;][vc_column_text]<\/p>\n<h4><strong>Flooding in Spain<\/strong><\/h4>\n<p>In October 2024, above-average rainfall led to devastating floods in Spain. Several hundred people died in the affected areas and many more lost their homes, cars or all their possessions in the floods. Together with partner organizations on the ground, Siemens Caring Hands e.V. aims to help the affected municipalities.<\/p>\n<p><em>Further information: <a href=\"https:\/\/siemens-caring-hands.org\/en\/spanien\/\">Spain &#8211; Siemens Caring Hands e.V.<\/a><\/em>[\/vc_column_text][\/vc_column][vc_column css_animation=&#8221;slideInUp&#8221; width=&#8221;1\/2&#8243; animate_duration=&#8221;.9&#8243;][vc_empty_space height=&#8221;20px&#8221;][vc_images_carousel images=&#8221;5607&#8243; img_size=&#8221;530&#215;350&#8243; onclick=&#8221;link_no&#8221; autoplay=&#8221;yes&#8221; wrap=&#8221;yes&#8221; css_animation=&#8221;bottom-to-top&#8221;][vc_empty_space height=&#8221;20px&#8221;][\/vc_column][\/vc_row][\/vc_section][vc_row][vc_column][vc_empty_space height=&#8221;45px&#8221;][\/vc_column][\/vc_row][vc_section full_width=&#8221;stretch_row&#8221; css=&#8221;.vc_custom_1713347243143{background-color: rgba(194,149,145,0.14) !important;*background-color: rgb(194,149,145) !important;}&#8221;][vc_row full_width=&#8221;stretch_row&#8221; equal_height=&#8221;yes&#8221;][vc_column css_animation=&#8221;slideInUp&#8221; width=&#8221;1\/2&#8243; animate_duration=&#8221;.9&#8243;][vc_empty_space height=&#8221;20px&#8221;][vc_column_text]<\/p>\n<h4><strong>Aid for Ukraine<\/strong><\/h4>\n<p>Since the start of the Russian invasion in February 2022, an estimated 3.7 million people have fled within the country, while more than 6.3 million Ukrainians have sought refuge abroad. In total, 17.6 million people in Ukraine are in need of protection and humanitarian aid. In cooperation with local partners, Siemens Caring Hands e.V. has already supported more than 150 individual projects in Ukraine and neighbouring countries.<\/p>\n<p><strong>Additional projects are currently being planned and implemented.<\/strong><\/p>\n<p><em>Further information: <a href=\"https:\/\/siemens-caring-hands.org\/en\/ukraine\/\">Ukraine &#8211; Siemens Caring Hands e.V.<\/a><\/em>[\/vc_column_text][\/vc_column][vc_column css_animation=&#8221;slideInUp&#8221; width=&#8221;1\/2&#8243; animate_duration=&#8221;.9&#8243;][vc_empty_space height=&#8221;20px&#8221;][vc_images_carousel images=&#8221;5952,5953,5951,5950,5949,5948,5944,5945,5947&#8243; img_size=&#8221;530&#215;350&#8243; onclick=&#8221;link_no&#8221; autoplay=&#8221;yes&#8221; wrap=&#8221;yes&#8221; css_animation=&#8221;bottom-to-top&#8221;][vc_empty_space height=&#8221;20px&#8221;][\/vc_column][\/vc_row][\/vc_section][vc_row full_width=&#8221;stretch_row&#8221; equal_height=&#8221;yes&#8221;][vc_column css_animation=&#8221;slideInUp&#8221; animate_duration=&#8221;.9&#8243;][vc_row_inner][vc_column_inner][vc_empty_space height=&#8221;45px&#8221;][\/vc_column_inner][\/vc_row_inner][\/vc_column][\/vc_row][vc_section full_width=&#8221;stretch_row&#8221; css=&#8221;.vc_custom_1713347243143{background-color: rgba(194,149,145,0.14) !important;*background-color: rgb(194,149,145) !important;}&#8221;][vc_row][vc_column width=&#8221;1\/2&#8243;][vc_empty_space height=&#8221;20px&#8221;][vc_column_text]<\/p>\n<h4 style=\"text-align: left;\"><strong>Floods in Germany and Belgium<\/strong><\/h4>\n<p style=\"text-align: left;\">Siemens Caring Hands e.V. worked with several local partner organisations to help people in the affected areas. For example, emergency aid was provided on site, flood protection elements were procured and reconstruction measures were supported.<\/p>\n<p><em>Further information: <a href=\"https:\/\/siemens-caring-hands.org\/en\/hochwasserhilfe\/\">Floods Relief Germany &#8211; Siemens Caring Hands e.V.<\/a><\/em><\/p>\n<p>[\/vc_column_text][\/vc_column][vc_column width=&#8221;1\/2&#8243;][vc_empty_space height=&#8221;20px&#8221;][vc_images_carousel images=&#8221;5768,5769,5770,5771,5773,5774,5775&#8243; img_size=&#8221;530&#215;350&#8243; onclick=&#8221;link_no&#8221; autoplay=&#8221;yes&#8221; wrap=&#8221;yes&#8221; css_animation=&#8221;bottom-to-top&#8221;][vc_empty_space height=&#8221;20px&#8221;][\/vc_column][\/vc_row][\/vc_section][vc_row][vc_column][vc_empty_space height=&#8221;45px&#8221;][\/vc_column][\/vc_row][vc_section full_width=&#8221;stretch_row&#8221; css=&#8221;.vc_custom_1713347243143{background-color: rgba(194,149,145,0.14) !important;*background-color: rgb(194,149,145) !important;}&#8221;][vc_row full_width=&#8221;stretch_row&#8221; equal_height=&#8221;yes&#8221;][vc_column css_animation=&#8221;slideInUp&#8221; width=&#8221;1\/2&#8243; animate_duration=&#8221;.9&#8243;][vc_empty_space height=&#8221;20px&#8221;][vc_column_text]<\/p>\n<h4 style=\"text-align: left;\"><strong>Covid-19<\/strong><\/h4>\n<p>Siemens Caring Hands e.V. set up a relief fund to provide fast, unbureaucratic and targeted assistance during the coronavirus pandemic. This relief fund was used to support 29 NGOs worldwide and provide assistance to those affected by the crisis.<\/p>\n<p><em>Further information: <a href=\"https:\/\/siemens-caring-hands.org\/en\/covid-19\/\">Covid-19 &#8211; Siemens Caring Hands e.V.<\/a><\/em><\/p>\n<p>[\/vc_column_text][\/vc_column][vc_column css_animation=&#8221;slideInUp&#8221; width=&#8221;1\/2&#8243; animate_duration=&#8221;.9&#8243;][vc_empty_space height=&#8221;20px&#8221;][vc_images_carousel images=&#8221;5819&#8243; img_size=&#8221;530&#215;350&#8243; onclick=&#8221;link_no&#8221; autoplay=&#8221;yes&#8221; wrap=&#8221;yes&#8221; css_animation=&#8221;bottom-to-top&#8221;][vc_empty_space height=&#8221;20px&#8221;][\/vc_column][\/vc_row][\/vc_section][vc_row][vc_column][vc_empty_space height=&#8221;45px&#8221;][\/vc_column][\/vc_row][vc_row full_width=&#8221;stretch_row&#8221; equal_height=&#8221;yes&#8221; css_animation=&#8221;bottom-to-top&#8221; disable_element=&#8221;yes&#8221; animate_duration=&#8221;.9&#8243;][vc_column][vc_empty_space height=&#8221;15px&#8221;][vc_cta h2=&#8221;&#8221; txt_align=&#8221;center&#8221; add_button=&#8221;bottom&#8221; btn_title=&#8221;Jetzt Spenden&#8221; btn_style=&#8221;gradient-custom&#8221; btn_gradient_custom_color_1=&#8221;#d47b2c&#8221; btn_gradient_custom_color_2=&#8221;#d47b2c&#8221; btn_shape=&#8221;round&#8221; btn_align=&#8221;center&#8221; btn_css_animation=&#8221;slideInUp&#8221; css=&#8221;.vc_custom_1713441035380{background-image: url(https:\/\/siemens-caring-hands.org\/wp-content\/uploads\/2024\/01\/FInal-background-v2.png?id=3771) !important;background-position: center !important;background-repeat: no-repeat !important;background-size: cover !important;}&#8221; btn_link=&#8221;url:https%3A%2F%2Fsiemens-caring-hands.org%2Fdonate%2F|title:Spenden&#8221;]<span style=\"color: #ffffff;\">\u00ad<\/span><\/p>\n<h4 style=\"text-align: center;\"><span style=\"color: #ffffff;\"><strong>Sie wollen Menschen in Marokko und Libyen unterst\u00fctzen?<\/strong><\/span><\/h4>\n<p>&nbsp;<\/p>\n<h5 style=\"text-align: center;\"><span style=\"color: #ffffff;\">F\u00fcr Spenden verwenden Sie bitte das<strong> Stichwort &#8220;<\/strong><\/span><span style=\"color: #ffffff;\"><strong>Aktuelle Naturkatastrophen Nordafrika<\/strong><\/span><span style=\"color: #ffffff;\"><strong>&#8220;<\/strong>.<\/span><\/h5>\n<h5 style=\"text-align: center;\"><span style=\"color: #ffffff;\">Einen riesengro\u00dfen Dank an alle, die unsere Hilfsma\u00dfnahmen bisher unterst\u00fctzt haben.<\/span><\/h5>\n<p><span style=\"color: #ffffff;\">\u00ad\u00ad\u00ad\u00ad\u00ad<\/span><\/p>\n<p><span style=\"color: #ffffff;\">\u00ad<\/span>[\/vc_cta][\/vc_column][\/vc_row]<\/p>\n","protected":false},"excerpt":{"rendered":"<p>[vc_row full_width=&#8221;stretch_row&#8221; content_placement=&#8221;bottom&#8221; css=&#8221;.vc_custom_1707214186025{background-color: #d47b2c !important;}&#8221;][vc_column][vc_custom_heading text=&#8221;Aid Projects in Europe&#8221; font_container=&#8221;tag:h4|text_align:left|color:%23ffffff&#8221; use_theme_fonts=&#8221;yes&#8221;][\/vc_column][\/vc_row][vc_row][vc_column][vc_empty_space height=&#8221;25px&#8221;][\/vc_column][\/vc_row][vc_section full_width=&#8221;stretch_row&#8221; css=&#8221;.vc_custom_1713347243143{background-color: rgba(194,149,145,0.14) !important;*background-color: rgb(194,149,145) !important;}&#8221;][vc_row full_width=&#8221;stretch_row&#8221;&hellip;<\/p>\n","protected":false},"author":8,"featured_media":0,"parent":0,"menu_order":0,"comment_status":"closed","ping_status":"closed","template":"","meta":{"footnotes":""},"class_list":["post-5763","page","type-page","status-publish","hentry"],"translation":{"provider":"WPGlobus","version":"3.0.2","language":"en","enabled_languages":["de","en"],"languages":{"de":{"title":true,"content":true,"excerpt":false},"en":{"title":true,"content":true,"excerpt":false}}},"yoast_head":"<!-- This site is optimized with the Yoast SEO plugin v26.9 - https:\/\/yoast.com\/product\/yoast-seo-wordpress\/ -->\n<title>Europe - Siemens Caring Hands e.V.<\/title>\n<meta name=\"robots\" content=\"index, follow, max-snippet:-1, max-image-preview:large, max-video-preview:-1\" \/>\n<link rel=\"canonical\" href=\"https:\/\/siemens-caring-hands.org\/europa\/\" \/>\n<meta property=\"og:locale\" content=\"en_US\" \/>\n<meta property=\"og:type\" content=\"article\" \/>\n<meta property=\"og:title\" content=\"Europe - Siemens Caring Hands e.V.\" \/>\n<meta property=\"og:url\" content=\"https:\/\/siemens-caring-hands.org\/europa\/\" \/>\n<meta property=\"og:site_name\" content=\"Siemens Caring Hands e.V.\" \/>\n<meta property=\"article:modified_time\" content=\"2026-02-19T16:01:17+00:00\" \/>\n<meta name=\"twitter:card\" content=\"summary_large_image\" \/>\n<meta name=\"twitter:label1\" content=\"Est. reading time\" \/>\n\t<meta name=\"twitter:data1\" content=\"3 minutes\" \/>\n<script type=\"application\/ld+json\" class=\"yoast-schema-graph\">{\"@context\":\"https:\/\/schema.org\",\"@graph\":[{\"@type\":\"WebPage\",\"@id\":\"https:\/\/siemens-caring-hands.org\/europa\/\",\"url\":\"https:\/\/siemens-caring-hands.org\/europa\/\",\"name\":\"Europe - Siemens Caring Hands e.V.\",\"isPartOf\":{\"@id\":\"https:\/\/siemens-caring-hands.org\/#website\"},\"datePublished\":\"2025-02-28T07:32:32+00:00\",\"dateModified\":\"2026-02-19T16:01:17+00:00\",\"breadcrumb\":{\"@id\":\"https:\/\/siemens-caring-hands.org\/europa\/#breadcrumb\"},\"inLanguage\":\"en-US\",\"potentialAction\":[{\"@type\":\"ReadAction\",\"target\":[\"https:\/\/siemens-caring-hands.org\/europa\/\"]}]},{\"@type\":\"BreadcrumbList\",\"@id\":\"https:\/\/siemens-caring-hands.org\/europa\/#breadcrumb\",\"itemListElement\":[{\"@type\":\"ListItem\",\"position\":1,\"name\":\"Startseite\",\"item\":\"https:\/\/siemens-caring-hands.org\/\"},{\"@type\":\"ListItem\",\"position\":2,\"name\":\"Europa\"}]},{\"@type\":\"WebSite\",\"@id\":\"https:\/\/siemens-caring-hands.org\/#website\",\"url\":\"https:\/\/siemens-caring-hands.org\/\",\"name\":\"Siemens Caring Hands e.V.\",\"description\":\"Schnelle humanit\u00e4re Hilfe in besonderen Katastrophenf\u00e4llen\",\"potentialAction\":[{\"@type\":\"SearchAction\",\"target\":{\"@type\":\"EntryPoint\",\"urlTemplate\":\"https:\/\/siemens-caring-hands.org\/?s={search_term_string}\"},\"query-input\":{\"@type\":\"PropertyValueSpecification\",\"valueRequired\":true,\"valueName\":\"search_term_string\"}}],\"inLanguage\":\"en-US\"}]}<\/script>\n<!-- \/ Yoast SEO plugin. -->","yoast_head_json":{"title":"Europe - Siemens Caring Hands e.V.","robots":{"index":"index","follow":"follow","max-snippet":"max-snippet:-1","max-image-preview":"max-image-preview:large","max-video-preview":"max-video-preview:-1"},"canonical":"https:\/\/siemens-caring-hands.org\/europa\/","og_locale":"en_US","og_type":"article","og_title":"Europe - Siemens Caring Hands e.V.","og_url":"https:\/\/siemens-caring-hands.org\/europa\/","og_site_name":"Siemens Caring Hands e.V.","article_modified_time":"2026-02-19T16:01:17+00:00","twitter_card":"summary_large_image","twitter_misc":{"Est. reading time":"3 minutes"},"schema":{"@context":"https:\/\/schema.org","@graph":[{"@type":"WebPage","@id":"https:\/\/siemens-caring-hands.org\/europa\/","url":"https:\/\/siemens-caring-hands.org\/europa\/","name":"Europe - Siemens Caring Hands e.V.","isPartOf":{"@id":"https:\/\/siemens-caring-hands.org\/#website"},"datePublished":"2025-02-28T07:32:32+00:00","dateModified":"2026-02-19T16:01:17+00:00","breadcrumb":{"@id":"https:\/\/siemens-caring-hands.org\/europa\/#breadcrumb"},"inLanguage":"en-US","potentialAction":[{"@type":"ReadAction","target":["https:\/\/siemens-caring-hands.org\/europa\/"]}]},{"@type":"BreadcrumbList","@id":"https:\/\/siemens-caring-hands.org\/europa\/#breadcrumb","itemListElement":[{"@type":"ListItem","position":1,"name":"Startseite","item":"https:\/\/siemens-caring-hands.org\/"},{"@type":"ListItem","position":2,"name":"Europa"}]},{"@type":"WebSite","@id":"https:\/\/siemens-caring-hands.org\/#website","url":"https:\/\/siemens-caring-hands.org\/","name":"Siemens Caring Hands e.V.","description":"Schnelle humanit\u00e4re Hilfe in besonderen Katastrophenf\u00e4llen","potentialAction":[{"@type":"SearchAction","target":{"@type":"EntryPoint","urlTemplate":"https:\/\/siemens-caring-hands.org\/?s={search_term_string}"},"query-input":{"@type":"PropertyValueSpecification","valueRequired":true,"valueName":"search_term_string"}}],"inLanguage":"en-US"}]}},"_links":{"self":[{"href":"https:\/\/siemens-caring-hands.org\/en\/wp-json\/wp\/v2\/pages\/5763","targetHints":{"allow":["GET"]}}],"collection":[{"href":"https:\/\/siemens-caring-hands.org\/en\/wp-json\/wp\/v2\/pages"}],"about":[{"href":"https:\/\/siemens-caring-hands.org\/en\/wp-json\/wp\/v2\/types\/page"}],"author":[{"embeddable":true,"href":"https:\/\/siemens-caring-hands.org\/en\/wp-json\/wp\/v2\/users\/8"}],"replies":[{"embeddable":true,"href":"https:\/\/siemens-caring-hands.org\/en\/wp-json\/wp\/v2\/comments?post=5763"}],"version-history":[{"count":67,"href":"https:\/\/siemens-caring-hands.org\/en\/wp-json\/wp\/v2\/pages\/5763\/revisions"}],"predecessor-version":[{"id":6481,"href":"https:\/\/siemens-caring-hands.org\/en\/wp-json\/wp\/v2\/pages\/5763\/revisions\/6481"}],"wp:attachment":[{"href":"https:\/\/siemens-caring-hands.org\/en\/wp-json\/wp\/v2\/media?parent=5763"}],"curies":[{"name":"wp","href":"https:\/\/api.w.org\/{rel}","templated":true}]}}