{"id":1186,"date":"2021-03-02T13:08:10","date_gmt":"2021-03-02T11:08:10","guid":{"rendered":"https:\/\/siemens-caring-hands.org\/?page_id=1186"},"modified":"2021-03-03T12:31:01","modified_gmt":"2021-03-03T10:31:01","slug":"mint","status":"publish","type":"page","link":"https:\/\/siemens-caring-hands.org\/en\/mint\/","title":{"rendered":"MINT"},"content":{"rendered":"<p>[vc_row][vc_column][vc_column_text]<\/p>\n<h1 class=\"wpb_heading wpb_gallery_heading\">Bildungsinitiative in Lateinamerika<\/h1>\n<p>[\/vc_column_text][vc_gallery interval=&#8221;3&#8243; images=&#8221;1151,1152,1153,1154&#8243; img_size=&#8221;full&#8221; onclick=&#8221;&#8221;][\/vc_column][\/vc_row][vc_row][vc_column width=&#8221;1\/2&#8243;][vc_column_text]Wie keine Krise zuvor hat die COVID-19-Pandemie die Notwendigkeit digitaler Lehr- und Lernmaterialien f\u00fcr den Schulunterricht sichtbar gemacht. Anl\u00e4sslich dieser Herausforderung haben wir zusammen mit unseren Partnerinnen und Partnern in Lateinamerika die Initiative MINT-Bildung f\u00fcr Innovation (Spanisch: Educaci\u00f3n-STEM para la Innovaci\u00f3n) ins Leben gerufen. Mit der finanziellen Unterst\u00fctzung von Siemens Caring Hands e. V. stellen wir innerhalb eines Jahres die Weichen f\u00fcr innovative Bildungsformate \u2013 von virtuellen Schulungen f\u00fcr Lehrkr\u00e4fte \u00fcber digitales Unterrichten im MINT-Bereich bis hin zu interaktiven Klimawandel-Karten sowie Videos und Podcasts zu den Themen Gesundheit und Hygiene \u2013 f\u00fcr jetzt, zu Pandemie-Zeiten, und f\u00fcr nachhaltige Bildung in der Zukunft.[\/vc_column_text][\/vc_column][vc_column width=&#8221;1\/2&#8243; css=&#8221;.vc_custom_1614766622048{background-color: #821036 !important;}&#8221;][vc_column_text css=&#8221;.vc_custom_1614766417410{padding: 15px !important;background-color: #8c002e !important;border-radius: 10px !important;}&#8221;]<span style=\"color: #ffffff;\">I am text block. Click edit button to change this text. Lorem ipsum dolor sit amet, consectetur adipiscing elit. Ut elit tellus, luctus nec ullamcorper mattis, pulvinar dapibus leo.<\/span><\/p>\n<p>&nbsp;<\/p>\n<hr \/>\n<p>&nbsp;<\/p>\n<p><span style=\"color: #ffffff;\">I am text block. Click edit button to change this text. Lorem ipsum dolor sit amet, consectetur adipiscing elit. Ut elit tellus, luctus nec ullamcorper mattis, pulvinar dapibus leo.<\/span>[\/vc_column_text][\/vc_column][\/vc_row][vc_row][vc_column][vc_empty_space][vc_column_text]<\/p>\n<h4>Initiative<\/h4>\n<p>[\/vc_column_text][vc_column_text]<\/p>\n<h2>Der Zukunft begegnen: Digitale MINT-Bildungsinitiative in Lateinamerika<\/h2>\n<p>[\/vc_column_text][vc_column_text]Wie k\u00f6nnen Lehrkr\u00e4fte in Pandemie-Zeiten erfolgreich unterrichten, wenn sie nicht mit ihren Sch\u00fclerinnen und Sch\u00fclern im Klassenraum sitzen, sondern Zuhause, lediglich verbunden durch einen Computer, ein Tablet, ein Handy oder ganz ohne Kontakt? Gemeinsam mit verschiedenen Partnerinstitutionen und Bildungsministerien aus Lateinamerika begegnen wir als Siemens Stiftung dieser Herausforderung: Von Dezember 2020 bis Dezember 2021 entwickeln wir mit lokalen Expertinnen und Experten die Grundlagen f\u00fcr die digitale Bildungsinitiative MINT-Bildung f\u00fcr Innovation in sieben L\u00e4ndern Lateinamerikas.[\/vc_column_text][vc_row_inner][vc_column_inner width=&#8221;1\/2&#8243;][vc_single_image image=&#8221;1249&#8243; img_size=&#8221;full&#8221; alignment=&#8221;center&#8221;][\/vc_column_inner][vc_column_inner width=&#8221;1\/2&#8243;][vc_column_text css=&#8221;.vc_custom_1614766755169{padding-top: 15px !important;padding-right: 15px !important;padding-bottom: 15px !important;padding-left: 15px !important;background-color: #821036 !important;}&#8221;]<\/p>\n<h4><span style=\"color: #ffffff;\">\u00bbNachhaltige Bildung kann nur gemeinsam gelingen. Mit unserer Initiative entsteht ein starkes lateinamerikanisches Netzwerk &#8211; f\u00fcr jetzt und f\u00fcr die Zukunft.\u00ab<\/span><\/h4>\n<p><span style=\"color: #ffffff;\">Dr. Nina Smidt, Vorst\u00e4ndin der Siemens Stiftung<\/span><\/p>\n<p>[\/vc_column_text][\/vc_column_inner][\/vc_row_inner][vc_empty_space][vc_column_text]<\/p>\n<h4>Innovative MINT-Bildung f\u00fcr den digitalen Unterricht<\/h4>\n<p>&nbsp;<\/p>\n<p>In den L\u00e4ndern Chile, Kolumbien, Mexiko, Argentinien, Peru, Brasilien und Ecuador adaptieren wir mit unseren Partnerinnen und Partnern innerhalb eines Jahres Schulungsinhalte und -methoden rund um die MINT-Themenbereiche Naturwissenschaften, Technik, Nachhaltigkeit, Klimawandel, Gesundheit und Digitalisierung f\u00fcr den digitalen Einsatz im Unterricht. Dabei entstehen:<\/p>\n<p>&nbsp;<\/p>\n<ul>\n<li>250 digitale und analoge Unterrichtsmedien f\u00fcr die gesamte Bildungskette (Lehrkr\u00e4fte, Sch\u00fclerinnen und Sch\u00fcler aller Altersgruppen) unter offener Lizenz (OER \u2013 Open Education Resources)<\/li>\n<li>100 Aus- und Fortbildungen f\u00fcr Lehrkr\u00e4fte<\/li>\n<li>regionale Workshops f\u00fcr die Verbesserung der Lehre zu MINT-Themen, Klimawandel, Gesundheit und Nachhaltigkeit<\/li>\n<li>lernen durch naturwissenschaftliche und technische Experimente<\/li>\n<li>ein kooperatives Netzwerk f\u00fcr Lehrkr\u00e4fte, Universit\u00e4ten und Bildungsinstitutionen<\/li>\n<\/ul>\n<p>[\/vc_column_text][vc_column_text]<\/p>\n<h3>Die Krise als Anlass, nachhaltige Bildung als Ziel<\/h3>\n<p>&nbsp;<\/p>\n<p>Mit den Onlineschulungen k\u00f6nnen bis zu 20.000 Lehrkr\u00e4fte erreicht werden und somit circa 450.000 Sch\u00fclerinnen und Sch\u00fcler in sieben L\u00e4ndern Lateinamerikas. Nach Ablauf der Pilotphase im Dezember 2021 arbeiten die Projektpartnerinnen und -partner weiter daran, die Inhalte in die Lehrpl\u00e4ne von Bildungsministerien und in die Lehreraus- und Fortbildung an Universit\u00e4ten in Lateinamerika flie\u00dfen zu lassen. Sie werden zudem im lateinamerikanischen Bildungsportal der Siemens Stiftung, dem CREA (Centro Recursos Educativos Abiertos), digital und frei zur Verf\u00fcgung stehen. So k\u00f6nnen letztlich Millionen von Lehrkr\u00e4ften und deren Sch\u00fclerinnen und Sch\u00fcler auf dem Kontinent erreicht werden.<\/p>\n<p>&nbsp;<\/p>\n<p><a href=\"https:\/\/educacion.stem.siemens-stiftung.org\/recursoseducativos\/\">Bildungsportal CREA (Centro Recursos Educativos Abiertos)<\/a>[\/vc_column_text][\/vc_column][\/vc_row][vc_row][vc_column][vc_column_text]<\/p>\n<h4>Projekte<\/h4>\n<p>[\/vc_column_text][vc_column_text]<\/p>\n<h2>Projektpartnerinnen und Partner in sieben L\u00e4ndern Lateinamerikas<\/h2>\n<p>[\/vc_column_text][vc_column_text]Insgesamt werden 14 Projekte umgesetzt, davon sechs Projekte in Chile, drei in Kolumbien sowie jeweils eines in Ecuador, Argentinien, Mexiko, Peru und Brasilien. Die Kooperationsstrukturen und Lernmaterialien sind darauf ausgelegt, in Zukunft weitere Projektpartnerinnen und -partner aus s\u00fcdamerikanischen L\u00e4ndern aufzunehmen. Bereits jetzt arbeiten die Projekttr\u00e4ger mit Partnerinstitutionen verschiedener L\u00e4nder zusammen und f\u00f6rdern so von Projektbeginn an interregionale Kooperationen.[\/vc_column_text][vc_tta_accordion spacing=&#8221;4&#8243; c_position=&#8221;right&#8221; active_section=&#8221;4&#8243; collapsible_all=&#8221;true&#8221; css=&#8221;.vc_custom_1614767238917{background-color: #d1cec4 !important;}&#8221;][vc_tta_section title=&#8221;Chile: Blended Lehr- und Lernmaterialien mit Experimento I 4+, I 8+, I 10+&#8221; tab_id=&#8221;1614767058961-2e9215af-681e&#8221;][vc_column_text]In dem Projekt Centro de Investigaci\u00f3n Did\u00e1ctica de las Ciencias y Educaci\u00f3n STEM (CIDSTEM) der Pontifica Universidad Cat\u00f3lica de Valpara\u00edso (PUCV) werden in einem ersten Schritt Lehrkr\u00e4fte der Naturwissenschaften in sieben L\u00e4ndern Lateinamerikas \u00fcber einen Fragebogen systematisch zu ihren Erfahrungen im Unterrichten in Pandemie-Zeiten befragt. Die Auswertung der Best-Practice-Erkenntnisse werden zun\u00e4chst \u00fcber p\u00e4dagogische Netzwerke verbreitet. In einem zweiten Schritt flie\u00dfen sie zudem in die Entwicklung von Unterrichtsmaterial ein. Daf\u00fcr bearbeitet ein p\u00e4dagogisches Team aus den teilnehmenden Regionen unter Koordination des CIDSTEM vorhandene analoge Experimento-Medien und Blended-Learning-Schulungsformate zu den Themen Umwelt, Gesundheit und Energie, die f\u00fcr deutsche Lehrkr\u00e4fte entwickelt wurden, erweitert sie mit Beitr\u00e4gen aus der Region, adaptiert sie f\u00fcr den digitalen Unterricht unter Pandemie-Bedingungen und passt sie den Gegebenheiten des jeweiligen Einsatzorts an. Nach Abschluss werden die Inhalte in die Datenbank CREA frei verf\u00fcgbar eingestellt und \u00fcber das von der Siemens Stiftung etablierte Netzwerk Red STEM Latinoam\u00e9rica bekannt gemacht.<\/p>\n<p>Centro de Investigaci\u00f3n Did\u00e1ctica de las Ciencias y Educaci\u00f3n STEM (CIDSTEM)[\/vc_column_text][\/vc_tta_section][vc_tta_section title=&#8221;Inhaltsbereich 2&#8243; tab_id=&#8221;1614767059004-6507a23b-1460&#8243;][\/vc_tta_section][vc_tta_section title=&#8221;Inhaltsbereich&#8221; tab_id=&#8221;1614767452481-32daba7c-6fe1&#8243;][\/vc_tta_section][vc_tta_section title=&#8221;Inhaltsbereich&#8221; tab_id=&#8221;1614767453764-3aacecb0-f70a&#8221;][\/vc_tta_section][vc_tta_section title=&#8221;Inhaltsbereich&#8221; tab_id=&#8221;1614767454839-73ab8d1d-c4fa&#8221;][\/vc_tta_section][\/vc_tta_accordion][\/vc_column][\/vc_row]<\/p>\n","protected":false},"excerpt":{"rendered":"<p>[vc_row][vc_column][vc_column_text] Bildungsinitiative in Lateinamerika [\/vc_column_text][vc_gallery interval=&#8221;3&#8243; images=&#8221;1151,1152,1153,1154&#8243; img_size=&#8221;full&#8221; onclick=&#8221;&#8221;][\/vc_column][\/vc_row][vc_row][vc_column width=&#8221;1\/2&#8243;][vc_column_text]Wie keine Krise zuvor hat die COVID-19-Pandemie die Notwendigkeit digitaler Lehr-&hellip;<\/p>\n","protected":false},"author":1,"featured_media":0,"parent":0,"menu_order":0,"comment_status":"closed","ping_status":"closed","template":"","meta":{"footnotes":""},"class_list":["post-1186","page","type-page","status-publish","hentry"],"translation":{"provider":"WPGlobus","version":"3.0.2","language":"en","enabled_languages":["de","en"],"languages":{"de":{"title":true,"content":true,"excerpt":false},"en":{"title":false,"content":false,"excerpt":false}}},"yoast_head":"<!-- This site is optimized with the Yoast SEO plugin v26.9 - https:\/\/yoast.com\/product\/yoast-seo-wordpress\/ -->\n<title>MINT - Siemens Caring Hands e.V.<\/title>\n<meta name=\"robots\" content=\"index, follow, max-snippet:-1, max-image-preview:large, max-video-preview:-1\" \/>\n<link rel=\"canonical\" href=\"https:\/\/siemens-caring-hands.org\/mint\/\" \/>\n<meta property=\"og:locale\" content=\"en_US\" \/>\n<meta property=\"og:type\" content=\"article\" \/>\n<meta property=\"og:title\" content=\"MINT - Siemens Caring Hands e.V.\" \/>\n<meta property=\"og:url\" content=\"https:\/\/siemens-caring-hands.org\/mint\/\" \/>\n<meta property=\"og:site_name\" content=\"Siemens Caring Hands e.V.\" \/>\n<meta property=\"article:modified_time\" content=\"2021-03-03T10:31:01+00:00\" \/>\n<meta name=\"twitter:card\" content=\"summary_large_image\" \/>\n<meta name=\"twitter:label1\" content=\"Est. reading time\" \/>\n\t<meta name=\"twitter:data1\" content=\"5 minutes\" \/>\n<script type=\"application\/ld+json\" class=\"yoast-schema-graph\">{\"@context\":\"https:\/\/schema.org\",\"@graph\":[{\"@type\":\"WebPage\",\"@id\":\"https:\/\/siemens-caring-hands.org\/mint\/\",\"url\":\"https:\/\/siemens-caring-hands.org\/mint\/\",\"name\":\"MINT - Siemens Caring Hands e.V.\",\"isPartOf\":{\"@id\":\"https:\/\/siemens-caring-hands.org\/#website\"},\"datePublished\":\"2021-03-02T11:08:10+00:00\",\"dateModified\":\"2021-03-03T10:31:01+00:00\",\"breadcrumb\":{\"@id\":\"https:\/\/siemens-caring-hands.org\/mint\/#breadcrumb\"},\"inLanguage\":\"en-US\",\"potentialAction\":[{\"@type\":\"ReadAction\",\"target\":[\"https:\/\/siemens-caring-hands.org\/mint\/\"]}]},{\"@type\":\"BreadcrumbList\",\"@id\":\"https:\/\/siemens-caring-hands.org\/mint\/#breadcrumb\",\"itemListElement\":[{\"@type\":\"ListItem\",\"position\":1,\"name\":\"Startseite\",\"item\":\"https:\/\/siemens-caring-hands.org\/\"},{\"@type\":\"ListItem\",\"position\":2,\"name\":\"MINT\"}]},{\"@type\":\"WebSite\",\"@id\":\"https:\/\/siemens-caring-hands.org\/#website\",\"url\":\"https:\/\/siemens-caring-hands.org\/\",\"name\":\"Siemens Caring Hands e.V.\",\"description\":\"Schnelle humanit\u00e4re Hilfe in besonderen Katastrophenf\u00e4llen\",\"potentialAction\":[{\"@type\":\"SearchAction\",\"target\":{\"@type\":\"EntryPoint\",\"urlTemplate\":\"https:\/\/siemens-caring-hands.org\/?s={search_term_string}\"},\"query-input\":{\"@type\":\"PropertyValueSpecification\",\"valueRequired\":true,\"valueName\":\"search_term_string\"}}],\"inLanguage\":\"en-US\"}]}<\/script>\n<!-- \/ Yoast SEO plugin. -->","yoast_head_json":{"title":"MINT - Siemens Caring Hands e.V.","robots":{"index":"index","follow":"follow","max-snippet":"max-snippet:-1","max-image-preview":"max-image-preview:large","max-video-preview":"max-video-preview:-1"},"canonical":"https:\/\/siemens-caring-hands.org\/mint\/","og_locale":"en_US","og_type":"article","og_title":"MINT - Siemens Caring Hands e.V.","og_url":"https:\/\/siemens-caring-hands.org\/mint\/","og_site_name":"Siemens Caring Hands e.V.","article_modified_time":"2021-03-03T10:31:01+00:00","twitter_card":"summary_large_image","twitter_misc":{"Est. reading time":"5 minutes"},"schema":{"@context":"https:\/\/schema.org","@graph":[{"@type":"WebPage","@id":"https:\/\/siemens-caring-hands.org\/mint\/","url":"https:\/\/siemens-caring-hands.org\/mint\/","name":"MINT - Siemens Caring Hands e.V.","isPartOf":{"@id":"https:\/\/siemens-caring-hands.org\/#website"},"datePublished":"2021-03-02T11:08:10+00:00","dateModified":"2021-03-03T10:31:01+00:00","breadcrumb":{"@id":"https:\/\/siemens-caring-hands.org\/mint\/#breadcrumb"},"inLanguage":"en-US","potentialAction":[{"@type":"ReadAction","target":["https:\/\/siemens-caring-hands.org\/mint\/"]}]},{"@type":"BreadcrumbList","@id":"https:\/\/siemens-caring-hands.org\/mint\/#breadcrumb","itemListElement":[{"@type":"ListItem","position":1,"name":"Startseite","item":"https:\/\/siemens-caring-hands.org\/"},{"@type":"ListItem","position":2,"name":"MINT"}]},{"@type":"WebSite","@id":"https:\/\/siemens-caring-hands.org\/#website","url":"https:\/\/siemens-caring-hands.org\/","name":"Siemens Caring Hands e.V.","description":"Schnelle humanit\u00e4re Hilfe in besonderen Katastrophenf\u00e4llen","potentialAction":[{"@type":"SearchAction","target":{"@type":"EntryPoint","urlTemplate":"https:\/\/siemens-caring-hands.org\/?s={search_term_string}"},"query-input":{"@type":"PropertyValueSpecification","valueRequired":true,"valueName":"search_term_string"}}],"inLanguage":"en-US"}]}},"_links":{"self":[{"href":"https:\/\/siemens-caring-hands.org\/en\/wp-json\/wp\/v2\/pages\/1186","targetHints":{"allow":["GET"]}}],"collection":[{"href":"https:\/\/siemens-caring-hands.org\/en\/wp-json\/wp\/v2\/pages"}],"about":[{"href":"https:\/\/siemens-caring-hands.org\/en\/wp-json\/wp\/v2\/types\/page"}],"author":[{"embeddable":true,"href":"https:\/\/siemens-caring-hands.org\/en\/wp-json\/wp\/v2\/users\/1"}],"replies":[{"embeddable":true,"href":"https:\/\/siemens-caring-hands.org\/en\/wp-json\/wp\/v2\/comments?post=1186"}],"version-history":[{"count":8,"href":"https:\/\/siemens-caring-hands.org\/en\/wp-json\/wp\/v2\/pages\/1186\/revisions"}],"predecessor-version":[{"id":1252,"href":"https:\/\/siemens-caring-hands.org\/en\/wp-json\/wp\/v2\/pages\/1186\/revisions\/1252"}],"wp:attachment":[{"href":"https:\/\/siemens-caring-hands.org\/en\/wp-json\/wp\/v2\/media?parent=1186"}],"curies":[{"name":"wp","href":"https:\/\/api.w.org\/{rel}","templated":true}]}}