{"id":1102,"date":"2021-03-01T14:05:59","date_gmt":"2021-03-01T12:05:59","guid":{"rendered":"https:\/\/siemens-caring-hands.org\/?page_id=1102"},"modified":"2021-07-15T10:44:07","modified_gmt":"2021-07-15T08:44:07","slug":"projects","status":"publish","type":"page","link":"https:\/\/siemens-caring-hands.org\/en\/projects\/","title":{"rendered":"Projekte *"},"content":{"rendered":"<div class=\"chapterintroduction\">\n<div class=\"chapterintroduction__base\" data-ste-component=\"chapter-intro\">\n<h2 class=\"chapterintroduction__header\" style=\"text-align: center;\">Die Herausforderung<\/h2>\n<p><span class=\"chapterintroduction__text\">Die Corona-Pandemie ist die gr\u00f6\u00dfte Herausforderung seit Jahrzehnten. In kurzer Zeit hat sie das Leben von Milliarden Menschen grundlegend ver\u00e4ndert: im Privatleben und in der Arbeitswelt. Die Unsicherheit, wie es weiter gehen wird, bereitet vielen Sorgen und \u00c4ngste.<\/span><\/p>\n<\/div>\n<div data-ste-component=\"chapter-intro\"><\/div>\n<\/div>\n<div class=\"cmp cmp-title\" style=\"text-align: center;\">\n<div class=\"headline__base\">\n<h3 class=\"headline__text\" data-ste-component=\"headline\">Siemens COVID-19 Hilfsfonds erzielt weltweite Reichweite<\/h3>\n<\/div>\n<\/div>\n<div class=\"mediatext\">\n<div class=\"mediatext__base componentContainer\" data-ste-component=\"copy-visual\">\n<div class=\"mediatext__wrapper \">\n<div class=\"imagevideogallery imagevideogallery--m \" style=\"text-align: center;\">\n<div class=\"imagevideogallery__base dynamicLayout imagevideogallery--noThumbnails imagevideogallery--hasNoItemsWithCaption imagevideogallery--noDots\" data-component=\"imagevideogallery imagevideogalleryThumbnails\" data-items-amount=\"1\" data-i18n-previous=\"Previous Slide\" data-i18n-next=\"Next Slide\" data-i18n-slide-position=\"Slide {N} of {T}\" data-i18n-item-name=\"Slide\" data-i18n-current-item=\"Current Item\" data-ste-component=\"slider_image-video\" data-component-id=\"22e15b5c-815d-46b3-98da-e629ecc44eb7\">\n<div id=\"22e15b5c-815d-46b3-98da-e629ecc44eb7-items\" class=\"aria-liveContainer is-offscreen\" aria-live=\"polite\">\n<div>\n<div class=\"owl-item active\" tabindex=\"-1\"><\/div>\n<\/div>\n<\/div>\n<div class=\"imagevideogallery__slider slider owl-carousel owl-theme owl-loaded\">\n<div class=\"owl-stage-outer\">\n<div class=\"owl-stage\">\n<div class=\"owl-item cloned\" tabindex=\"-1\">\n<div class=\"expandableComponent__base\" data-item-number=\"1\">\n<div class=\"responsiveMedia__wrapper cq-dd-image \" data-uncropped-src=\"https:\/\/assets.new.siemens.com\/siemens\/assets\/api\/uuid:a74db328-1fc7-45fd-a174-f709b946e5cf\/width:3840\/crop:0:0,032:0,9978:0,68133\/quality:high\/header.jpg\"><\/div>\n<\/div>\n<\/div>\n<div class=\"owl-item cloned\" tabindex=\"-1\">\n<div class=\"expandableComponent__base\" data-item-number=\"1\">\n<div class=\"responsiveMedia__wrapper cq-dd-image \" data-uncropped-src=\"https:\/\/assets.new.siemens.com\/siemens\/assets\/api\/uuid:a74db328-1fc7-45fd-a174-f709b946e5cf\/width:3840\/crop:0:0,032:0,9978:0,68133\/quality:high\/header.jpg\">\n<div class=\"responsiveMedia__pictureWrapper\"><picture><source srcset=\"https:\/\/assets.new.siemens.com\/siemens\/assets\/api\/uuid:a74db328-1fc7-45fd-a174-f709b946e5cf\/width:3840\/crop:0:0,032:0,9978:0,68133\/quality:high\/header.jpg 3840w, https:\/\/assets.new.siemens.com\/siemens\/assets\/api\/uuid:a74db328-1fc7-45fd-a174-f709b946e5cf\/width:2732\/crop:0:0,032:0,9978:0,68133\/quality:high\/header.jpg 2732w, https:\/\/assets.new.siemens.com\/siemens\/assets\/api\/uuid:a74db328-1fc7-45fd-a174-f709b946e5cf\/width:2224\/crop:0:0,032:0,9978:0,68133\/quality:high\/header.jpg 2224w, https:\/\/assets.new.siemens.com\/siemens\/assets\/api\/uuid:a74db328-1fc7-45fd-a174-f709b946e5cf\/width:2048\/crop:0:0,032:0,9978:0,68133\/quality:high\/header.jpg 2048w, https:\/\/assets.new.siemens.com\/siemens\/assets\/api\/uuid:a74db328-1fc7-45fd-a174-f709b946e5cf\/width:1920\/crop:0:0,032:0,9978:0,68133\/quality:high\/header.jpg 1920w, https:\/\/assets.new.siemens.com\/siemens\/assets\/api\/uuid:a74db328-1fc7-45fd-a174-f709b946e5cf\/width:1266\/crop:0:0,032:0,9978:0,68133\/quality:high\/header.jpg 1266w, https:\/\/assets.new.siemens.com\/siemens\/assets\/api\/uuid:a74db328-1fc7-45fd-a174-f709b946e5cf\/width:1125\/crop:0:0,032:0,9978:0,68133\/quality:high\/header.jpg 1125w, https:\/\/assets.new.siemens.com\/siemens\/assets\/api\/uuid:a74db328-1fc7-45fd-a174-f709b946e5cf\/width:750\/crop:0:0,032:0,9978:0,68133\/quality:high\/header.jpg 750w, https:\/\/assets.new.siemens.com\/siemens\/assets\/api\/uuid:a74db328-1fc7-45fd-a174-f709b946e5cf\/width:640\/crop:0:0,032:0,9978:0,68133\/quality:high\/header.jpg 640w, https:\/\/assets.new.siemens.com\/siemens\/assets\/api\/uuid:a74db328-1fc7-45fd-a174-f709b946e5cf\/width:320\/crop:0:0,032:0,9978:0,68133\/quality:high\/header.jpg 320w, https:\/\/assets.new.siemens.com\/siemens\/assets\/api\/uuid:a74db328-1fc7-45fd-a174-f709b946e5cf\/width:100\/crop:0:0,032:0,9978:0,68133\/quality:low\/header.jpg 100w\" sizes=\"556px\" data-srcset=\"https:\/\/assets.new.siemens.com\/siemens\/assets\/api\/uuid:a74db328-1fc7-45fd-a174-f709b946e5cf\/width:3840\/crop:0:0,032:0,9978:0,68133\/quality:high\/header.jpg 3840w, https:\/\/assets.new.siemens.com\/siemens\/assets\/api\/uuid:a74db328-1fc7-45fd-a174-f709b946e5cf\/width:2732\/crop:0:0,032:0,9978:0,68133\/quality:high\/header.jpg 2732w, https:\/\/assets.new.siemens.com\/siemens\/assets\/api\/uuid:a74db328-1fc7-45fd-a174-f709b946e5cf\/width:2224\/crop:0:0,032:0,9978:0,68133\/quality:high\/header.jpg 2224w, https:\/\/assets.new.siemens.com\/siemens\/assets\/api\/uuid:a74db328-1fc7-45fd-a174-f709b946e5cf\/width:2048\/crop:0:0,032:0,9978:0,68133\/quality:high\/header.jpg 2048w, https:\/\/assets.new.siemens.com\/siemens\/assets\/api\/uuid:a74db328-1fc7-45fd-a174-f709b946e5cf\/width:1920\/crop:0:0,032:0,9978:0,68133\/quality:high\/header.jpg 1920w, https:\/\/assets.new.siemens.com\/siemens\/assets\/api\/uuid:a74db328-1fc7-45fd-a174-f709b946e5cf\/width:1266\/crop:0:0,032:0,9978:0,68133\/quality:high\/header.jpg 1266w, https:\/\/assets.new.siemens.com\/siemens\/assets\/api\/uuid:a74db328-1fc7-45fd-a174-f709b946e5cf\/width:1125\/crop:0:0,032:0,9978:0,68133\/quality:high\/header.jpg 1125w, https:\/\/assets.new.siemens.com\/siemens\/assets\/api\/uuid:a74db328-1fc7-45fd-a174-f709b946e5cf\/width:750\/crop:0:0,032:0,9978:0,68133\/quality:high\/header.jpg 750w, https:\/\/assets.new.siemens.com\/siemens\/assets\/api\/uuid:a74db328-1fc7-45fd-a174-f709b946e5cf\/width:640\/crop:0:0,032:0,9978:0,68133\/quality:high\/header.jpg 640w, https:\/\/assets.new.siemens.com\/siemens\/assets\/api\/uuid:a74db328-1fc7-45fd-a174-f709b946e5cf\/width:320\/crop:0:0,032:0,9978:0,68133\/quality:high\/header.jpg 320w, https:\/\/assets.new.siemens.com\/siemens\/assets\/api\/uuid:a74db328-1fc7-45fd-a174-f709b946e5cf\/width:100\/crop:0:0,032:0,9978:0,68133\/quality:low\/header.jpg 100w\" \/><img decoding=\"async\" class=\"responsiveMedia__img blur-up lazyautosizes lazyloaded\" src=\"https:\/\/assets.new.siemens.com\/siemens\/assets\/api\/uuid:a74db328-1fc7-45fd-a174-f709b946e5cf\/width:100\/crop:0:0,032:0,9978:0,68133\/quality:low\/header.jpg\" sizes=\"556px\" alt=\"\" data-sizes=\"auto\" \/><\/picture><\/div>\n<div><\/div>\n<\/div>\n<\/div>\n<\/div>\n<\/div>\n<\/div>\n<\/div>\n<\/div>\n<\/div>\n<div class=\"mediatext__textcontent mediatext__textcontentcolumn mediatext__textcontentcolumn--left mediatext__textcontentcolumn--m\">\n<div class=\"heightlimiter\" data-component=\"heightlimiter\" data-label-more=\"More\" data-label-close=\"Close\" data-component-id=\"2a04bad9-31fa-4cac-8462-0fd66ed0957e\">\n<div data-heightlimiter-content-wrapper=\"\">\n<div data-heightlimiter-content=\"\">\n<div class=\"richtext\">\n<div class=\"richtext__content \">\n<p style=\"text-align: center;\">Die Spendenbereitschaft der Siemens-Mitarbeiterinnen und -Mitarbeiter sowie Siemens-nahestehenden Personen hat die Erwartungen deutlich \u00fcbertroffen. Insgesamt stehen 15,2 Millionen Euro (inkl. Unternehmensspenden) f\u00fcr Hilfsprojekte zur Verf\u00fcgung. Diese Spenden helfen in der ganzen Welt.<\/p>\n<p style=\"text-align: center;\">Als sich im April abzeichnete, dass die Corona-Pandemie weltweit Auswirkungen auf das Leben zahlreicher Menschen haben wird, hat Siemens die Mitarbeiterinnen und Mitarbeiter aufgerufen zu helfen und an den eingerichteten Hilfsfonds zu spenden, der von Siemens Caring Hands e.V. verwaltet wird. Und die Beteiligung war unglaublich! In der Siemens AG und den Siemens Konzerngesellschaften kamen bislang 15,2 Millionen Euro (inkl. Unternehmensspenden und Matching) zusammen, mit denen wichtige Hilfsprojekte in aller Welt unterst\u00fctzt werden. Das sind sowohl lokale Initiativen mit NGOs in den einzelnen L\u00e4ndern als auch globale Initiativen, die von Siemens Caring Hands e.V. direkt gesteuert werden. Die folgenden Beispiele zeigen ausgew\u00e4hlte Initiativen aus unterschiedlichen Bereichen und L\u00e4ndern.<\/p>\n<\/div>\n<\/div>\n<\/div>\n<\/div>\n<\/div>\n<\/div>\n<\/div>\n<\/div>\n<\/div>\n","protected":false},"excerpt":{"rendered":"<p>Die Herausforderung Die Corona-Pandemie ist die gr\u00f6\u00dfte Herausforderung seit Jahrzehnten. In kurzer Zeit hat sie das Leben von Milliarden Menschen&hellip;<\/p>\n","protected":false},"author":1,"featured_media":0,"parent":0,"menu_order":0,"comment_status":"closed","ping_status":"closed","template":"","meta":{"footnotes":""},"class_list":["post-1102","page","type-page","status-publish","hentry"],"translation":{"provider":"WPGlobus","version":"3.0.2","language":"en","enabled_languages":["de","en"],"languages":{"de":{"title":true,"content":true,"excerpt":false},"en":{"title":false,"content":false,"excerpt":false}}},"yoast_head":"<!-- This site is optimized with the Yoast SEO plugin v26.9 - https:\/\/yoast.com\/product\/yoast-seo-wordpress\/ -->\n<title>Projekte * - Siemens Caring Hands e.V.<\/title>\n<meta name=\"robots\" content=\"index, follow, max-snippet:-1, max-image-preview:large, max-video-preview:-1\" \/>\n<link rel=\"canonical\" href=\"https:\/\/siemens-caring-hands.org\/projects\/\" \/>\n<meta property=\"og:locale\" content=\"en_US\" \/>\n<meta property=\"og:type\" content=\"article\" \/>\n<meta property=\"og:title\" content=\"Projekte * - Siemens Caring Hands e.V.\" \/>\n<meta property=\"og:url\" content=\"https:\/\/siemens-caring-hands.org\/projects\/\" \/>\n<meta property=\"og:site_name\" content=\"Siemens Caring Hands e.V.\" \/>\n<meta property=\"article:modified_time\" content=\"2021-07-15T08:44:07+00:00\" \/>\n<meta property=\"og:image\" content=\"https:\/\/assets.new.siemens.com\/siemens\/assets\/api\/uuid:a74db328-1fc7-45fd-a174-f709b946e5cf\/width:100\/crop:0:0,032:0,9978:0,68133\/quality:low\/header.jpg\" \/>\n<meta name=\"twitter:card\" content=\"summary_large_image\" \/>\n<meta name=\"twitter:label1\" content=\"Est. reading time\" \/>\n\t<meta name=\"twitter:data1\" content=\"1 minute\" \/>\n<script type=\"application\/ld+json\" class=\"yoast-schema-graph\">{\"@context\":\"https:\/\/schema.org\",\"@graph\":[{\"@type\":\"WebPage\",\"@id\":\"https:\/\/siemens-caring-hands.org\/projects\/\",\"url\":\"https:\/\/siemens-caring-hands.org\/projects\/\",\"name\":\"Projekte * - Siemens Caring Hands e.V.\",\"isPartOf\":{\"@id\":\"https:\/\/siemens-caring-hands.org\/#website\"},\"primaryImageOfPage\":{\"@id\":\"https:\/\/siemens-caring-hands.org\/projects\/#primaryimage\"},\"image\":{\"@id\":\"https:\/\/siemens-caring-hands.org\/projects\/#primaryimage\"},\"thumbnailUrl\":\"https:\/\/assets.new.siemens.com\/siemens\/assets\/api\/uuid:a74db328-1fc7-45fd-a174-f709b946e5cf\/width:100\/crop:0:0,032:0,9978:0,68133\/quality:low\/header.jpg\",\"datePublished\":\"2021-03-01T12:05:59+00:00\",\"dateModified\":\"2021-07-15T08:44:07+00:00\",\"breadcrumb\":{\"@id\":\"https:\/\/siemens-caring-hands.org\/projects\/#breadcrumb\"},\"inLanguage\":\"en-US\",\"potentialAction\":[{\"@type\":\"ReadAction\",\"target\":[\"https:\/\/siemens-caring-hands.org\/projects\/\"]}]},{\"@type\":\"ImageObject\",\"inLanguage\":\"en-US\",\"@id\":\"https:\/\/siemens-caring-hands.org\/projects\/#primaryimage\",\"url\":\"https:\/\/assets.new.siemens.com\/siemens\/assets\/api\/uuid:a74db328-1fc7-45fd-a174-f709b946e5cf\/width:100\/crop:0:0,032:0,9978:0,68133\/quality:low\/header.jpg\",\"contentUrl\":\"https:\/\/assets.new.siemens.com\/siemens\/assets\/api\/uuid:a74db328-1fc7-45fd-a174-f709b946e5cf\/width:100\/crop:0:0,032:0,9978:0,68133\/quality:low\/header.jpg\"},{\"@type\":\"BreadcrumbList\",\"@id\":\"https:\/\/siemens-caring-hands.org\/projects\/#breadcrumb\",\"itemListElement\":[{\"@type\":\"ListItem\",\"position\":1,\"name\":\"Startseite\",\"item\":\"https:\/\/siemens-caring-hands.org\/\"},{\"@type\":\"ListItem\",\"position\":2,\"name\":\"Projekte *\"}]},{\"@type\":\"WebSite\",\"@id\":\"https:\/\/siemens-caring-hands.org\/#website\",\"url\":\"https:\/\/siemens-caring-hands.org\/\",\"name\":\"Siemens Caring Hands e.V.\",\"description\":\"Schnelle humanit\u00e4re Hilfe in besonderen Katastrophenf\u00e4llen\",\"potentialAction\":[{\"@type\":\"SearchAction\",\"target\":{\"@type\":\"EntryPoint\",\"urlTemplate\":\"https:\/\/siemens-caring-hands.org\/?s={search_term_string}\"},\"query-input\":{\"@type\":\"PropertyValueSpecification\",\"valueRequired\":true,\"valueName\":\"search_term_string\"}}],\"inLanguage\":\"en-US\"}]}<\/script>\n<!-- \/ Yoast SEO plugin. -->","yoast_head_json":{"title":"Projekte * - Siemens Caring Hands e.V.","robots":{"index":"index","follow":"follow","max-snippet":"max-snippet:-1","max-image-preview":"max-image-preview:large","max-video-preview":"max-video-preview:-1"},"canonical":"https:\/\/siemens-caring-hands.org\/projects\/","og_locale":"en_US","og_type":"article","og_title":"Projekte * - Siemens Caring Hands e.V.","og_url":"https:\/\/siemens-caring-hands.org\/projects\/","og_site_name":"Siemens Caring Hands e.V.","article_modified_time":"2021-07-15T08:44:07+00:00","og_image":[{"url":"https:\/\/assets.new.siemens.com\/siemens\/assets\/api\/uuid:a74db328-1fc7-45fd-a174-f709b946e5cf\/width:100\/crop:0:0,032:0,9978:0,68133\/quality:low\/header.jpg","type":"","width":"","height":""}],"twitter_card":"summary_large_image","twitter_misc":{"Est. reading time":"1 minute"},"schema":{"@context":"https:\/\/schema.org","@graph":[{"@type":"WebPage","@id":"https:\/\/siemens-caring-hands.org\/projects\/","url":"https:\/\/siemens-caring-hands.org\/projects\/","name":"Projekte * - Siemens Caring Hands e.V.","isPartOf":{"@id":"https:\/\/siemens-caring-hands.org\/#website"},"primaryImageOfPage":{"@id":"https:\/\/siemens-caring-hands.org\/projects\/#primaryimage"},"image":{"@id":"https:\/\/siemens-caring-hands.org\/projects\/#primaryimage"},"thumbnailUrl":"https:\/\/assets.new.siemens.com\/siemens\/assets\/api\/uuid:a74db328-1fc7-45fd-a174-f709b946e5cf\/width:100\/crop:0:0,032:0,9978:0,68133\/quality:low\/header.jpg","datePublished":"2021-03-01T12:05:59+00:00","dateModified":"2021-07-15T08:44:07+00:00","breadcrumb":{"@id":"https:\/\/siemens-caring-hands.org\/projects\/#breadcrumb"},"inLanguage":"en-US","potentialAction":[{"@type":"ReadAction","target":["https:\/\/siemens-caring-hands.org\/projects\/"]}]},{"@type":"ImageObject","inLanguage":"en-US","@id":"https:\/\/siemens-caring-hands.org\/projects\/#primaryimage","url":"https:\/\/assets.new.siemens.com\/siemens\/assets\/api\/uuid:a74db328-1fc7-45fd-a174-f709b946e5cf\/width:100\/crop:0:0,032:0,9978:0,68133\/quality:low\/header.jpg","contentUrl":"https:\/\/assets.new.siemens.com\/siemens\/assets\/api\/uuid:a74db328-1fc7-45fd-a174-f709b946e5cf\/width:100\/crop:0:0,032:0,9978:0,68133\/quality:low\/header.jpg"},{"@type":"BreadcrumbList","@id":"https:\/\/siemens-caring-hands.org\/projects\/#breadcrumb","itemListElement":[{"@type":"ListItem","position":1,"name":"Startseite","item":"https:\/\/siemens-caring-hands.org\/"},{"@type":"ListItem","position":2,"name":"Projekte *"}]},{"@type":"WebSite","@id":"https:\/\/siemens-caring-hands.org\/#website","url":"https:\/\/siemens-caring-hands.org\/","name":"Siemens Caring Hands e.V.","description":"Schnelle humanit\u00e4re Hilfe in besonderen Katastrophenf\u00e4llen","potentialAction":[{"@type":"SearchAction","target":{"@type":"EntryPoint","urlTemplate":"https:\/\/siemens-caring-hands.org\/?s={search_term_string}"},"query-input":{"@type":"PropertyValueSpecification","valueRequired":true,"valueName":"search_term_string"}}],"inLanguage":"en-US"}]}},"_links":{"self":[{"href":"https:\/\/siemens-caring-hands.org\/en\/wp-json\/wp\/v2\/pages\/1102","targetHints":{"allow":["GET"]}}],"collection":[{"href":"https:\/\/siemens-caring-hands.org\/en\/wp-json\/wp\/v2\/pages"}],"about":[{"href":"https:\/\/siemens-caring-hands.org\/en\/wp-json\/wp\/v2\/types\/page"}],"author":[{"embeddable":true,"href":"https:\/\/siemens-caring-hands.org\/en\/wp-json\/wp\/v2\/users\/1"}],"replies":[{"embeddable":true,"href":"https:\/\/siemens-caring-hands.org\/en\/wp-json\/wp\/v2\/comments?post=1102"}],"version-history":[{"count":5,"href":"https:\/\/siemens-caring-hands.org\/en\/wp-json\/wp\/v2\/pages\/1102\/revisions"}],"predecessor-version":[{"id":1647,"href":"https:\/\/siemens-caring-hands.org\/en\/wp-json\/wp\/v2\/pages\/1102\/revisions\/1647"}],"wp:attachment":[{"href":"https:\/\/siemens-caring-hands.org\/en\/wp-json\/wp\/v2\/media?parent=1102"}],"curies":[{"name":"wp","href":"https:\/\/api.w.org\/{rel}","templated":true}]}}